{"id":16745,"date":"2024-11-25T10:56:02","date_gmt":"2024-11-25T10:56:02","guid":{"rendered":"https:\/\/www.tdimobiliaria.pt\/privacy-policy\/"},"modified":"2024-11-25T11:12:17","modified_gmt":"2024-11-25T11:12:17","slug":"privacy-policy","status":"publish","type":"page","link":"https:\/\/www.tdimobiliaria.pt\/en\/privacy-policy\/","title":{"rendered":"Privacy Policy"},"content":{"rendered":"\t\t<div data-elementor-type=\"wp-page\" data-elementor-id=\"16745\" class=\"elementor elementor-16745 elementor-16715\" data-elementor-settings=\"{&quot;element_pack_global_tooltip_width&quot;:{&quot;unit&quot;:&quot;px&quot;,&quot;size&quot;:&quot;&quot;,&quot;sizes&quot;:[]},&quot;element_pack_global_tooltip_width_tablet&quot;:{&quot;unit&quot;:&quot;px&quot;,&quot;size&quot;:&quot;&quot;,&quot;sizes&quot;:[]},&quot;element_pack_global_tooltip_width_mobile&quot;:{&quot;unit&quot;:&quot;px&quot;,&quot;size&quot;:&quot;&quot;,&quot;sizes&quot;:[]},&quot;element_pack_global_tooltip_padding&quot;:{&quot;unit&quot;:&quot;px&quot;,&quot;top&quot;:&quot;&quot;,&quot;right&quot;:&quot;&quot;,&quot;bottom&quot;:&quot;&quot;,&quot;left&quot;:&quot;&quot;,&quot;isLinked&quot;:true},&quot;element_pack_global_tooltip_padding_tablet&quot;:{&quot;unit&quot;:&quot;px&quot;,&quot;top&quot;:&quot;&quot;,&quot;right&quot;:&quot;&quot;,&quot;bottom&quot;:&quot;&quot;,&quot;left&quot;:&quot;&quot;,&quot;isLinked&quot;:true},&quot;element_pack_global_tooltip_padding_mobile&quot;:{&quot;unit&quot;:&quot;px&quot;,&quot;top&quot;:&quot;&quot;,&quot;right&quot;:&quot;&quot;,&quot;bottom&quot;:&quot;&quot;,&quot;left&quot;:&quot;&quot;,&quot;isLinked&quot;:true},&quot;element_pack_global_tooltip_border_radius&quot;:{&quot;unit&quot;:&quot;px&quot;,&quot;top&quot;:&quot;&quot;,&quot;right&quot;:&quot;&quot;,&quot;bottom&quot;:&quot;&quot;,&quot;left&quot;:&quot;&quot;,&quot;isLinked&quot;:true},&quot;element_pack_global_tooltip_border_radius_tablet&quot;:{&quot;unit&quot;:&quot;px&quot;,&quot;top&quot;:&quot;&quot;,&quot;right&quot;:&quot;&quot;,&quot;bottom&quot;:&quot;&quot;,&quot;left&quot;:&quot;&quot;,&quot;isLinked&quot;:true},&quot;element_pack_global_tooltip_border_radius_mobile&quot;:{&quot;unit&quot;:&quot;px&quot;,&quot;top&quot;:&quot;&quot;,&quot;right&quot;:&quot;&quot;,&quot;bottom&quot;:&quot;&quot;,&quot;left&quot;:&quot;&quot;,&quot;isLinked&quot;:true}}\" data-elementor-post-type=\"page\">\n\t\t\t\t\t\t<section class=\"elementor-section elementor-top-section elementor-element elementor-element-7fe8a59 elementor-section-height-min-height elementor-section-items-stretch elementor-section-boxed elementor-section-height-default\" data-id=\"7fe8a59\" data-element_type=\"section\">\n\t\t\t\t\t\t<div class=\"elementor-container elementor-column-gap-default\">\n\t\t\t\t\t<div class=\"elementor-column elementor-col-50 elementor-top-column elementor-element elementor-element-f4a814e\" data-id=\"f4a814e\" data-element_type=\"column\">\n\t\t\t<div class=\"elementor-widget-wrap elementor-element-populated\">\n\t\t\t\t\t\t<div class=\"elementor-element elementor-element-0a0bdf0 elementor-widget elementor-widget-heading\" data-id=\"0a0bdf0\" data-element_type=\"widget\" data-widget_type=\"heading.default\">\n\t\t\t\t\t<h2 class=\"elementor-heading-title elementor-size-default\">Privacy Policy<\/h2>\t\t\t\t<\/div>\n\t\t\t\t<div class=\"elementor-element elementor-element-264b6f1 elementor-widget-divider--view-line elementor-widget elementor-widget-divider\" data-id=\"264b6f1\" data-element_type=\"widget\" data-widget_type=\"divider.default\">\n\t\t\t\t\t\t\t<div class=\"elementor-divider\">\n\t\t\t<span class=\"elementor-divider-separator\">\n\t\t\t\t\t\t<\/span>\n\t\t<\/div>\n\t\t\t\t\t\t<\/div>\n\t\t\t\t\t<\/div>\n\t\t<\/div>\n\t\t\t\t<div class=\"elementor-column elementor-col-50 elementor-top-column elementor-element elementor-element-2cd1fd6 elementor-hidden-tablet elementor-hidden-mobile\" data-id=\"2cd1fd6\" data-element_type=\"column\">\n\t\t\t<div class=\"elementor-widget-wrap\">\n\t\t\t\t\t\t\t<\/div>\n\t\t<\/div>\n\t\t\t\t\t<\/div>\n\t\t<\/section>\n\t\t\t\t<section class=\"elementor-section elementor-top-section elementor-element elementor-element-04d168e elementor-section-boxed elementor-section-height-default elementor-section-height-default\" data-id=\"04d168e\" data-element_type=\"section\">\n\t\t\t\t\t\t<div class=\"elementor-container elementor-column-gap-default\">\n\t\t\t\t\t<div class=\"elementor-column elementor-col-100 elementor-top-column elementor-element elementor-element-b9f5aa0\" data-id=\"b9f5aa0\" data-element_type=\"column\">\n\t\t\t<div class=\"elementor-widget-wrap elementor-element-populated\">\n\t\t\t\t\t\t<div class=\"elementor-element elementor-element-6eeddf3 elementor-widget elementor-widget-text-editor\" data-id=\"6eeddf3\" data-element_type=\"widget\" data-widget_type=\"text-editor.default\">\n\t\t\t\t\t\t\t\t\t<p>The website www.tdimobiliaria.pt is owned by Teixeira Duarte \u2013 Gest\u00e3o de Participa\u00e7\u00f5es e Investimentos Imobili\u00e1rios, S.A.Teixeira Duarte \u2013 Gest\u00e3o de Participa\u00e7\u00f5es e Investimentos Imobili\u00e1rios, S.A. respects your privacy and undertakes to protect it. To this end, we draw your attention to this Privacy Notice, which provides information about our Privacy Policy, practices and choices you may make about the way in which information is collected \u201conline\u201d and how this information may be used. This \u201cwebsite\u201d is governed by the laws of Portugal. Portuguese courts shall have exclusive jurisdiction over any dispute arising from the use of this \u201cwebsite\u201d.<\/p>\n<h3>1. Automatically Collected Data<\/h3>\n<p>The domains and IP addresses of visitors are recorded automatically. This information does not identify the user, only the computer used to access the \u201cwebsite\u201d. These data are analysed at a global level to verify the location in the world that the website is being used from, such as to guarantee coverage and allow our user service to be improved. Personal data on each user are not collected and analysed during this process.<\/p>\n<h4>2. Cookies<\/h4>\n<p>In order to collect the information referred to in item 1, temporary \u201ccookies\u201d may be used that will be stored in the \u201ccookies\u201d file of the user\u2019s browser until it is closed. \u201cCookies\u201d alone are not used to identify the user. A \u201ccookie\u201d is a small piece of information sent to the user\u2019s server and stored on their computer\u2019s hard drive, causing no damage to it. Users may configure their browsing program to show a notification whenever it receives a \u201ccookie\u201d, so that they can choose to accept it or reject it.<\/p>\n<p>User IP addresses are used to help troubleshoot problems with their services and to administer the \u201cwebsite\u201d www.vilario.pt. An IP address is a numeric code that identifies a computer on the network\/Internet. User IP addresses are also used to collect demographic information. We may also conduct IP searches to determine what domain the user came from (i.e.: aol.com, yourcompany.com) to better ascertain user demographics.<\/p>\n<h4>3. Personal data collection and processing<\/h4>\n<p>This Privacy Policy regulates the collection of personal data and its subsequent processing, as well as how their subject can exercise their rights under the terms of the General Data Protection Regulation (GDPR).<\/p>\n<p>The data that is collected will be digitally processed and stored by the controller entity, Teixeira Duarte \u2013 Gest\u00e3o de Participa\u00e7\u00f5es e Investimentos Imobili\u00e1rios, S.A.<\/p>\n<p>These data will be treated confidentially and will be used for statistical purposes and requests for information or clarification. The collected data needs to be processed so that the processing managers can pursue their main and ancillary activities, as explicitly stated on the information collection forms. Any data that are collected may be used by any company included in the group\u2019s real estate sector, and within the consolidation perimeter of Teixeira Duarte \u2013 Gest\u00e3o de Participa\u00e7\u00f5es e Investimentos Imobili\u00e1rios, S.A.<\/p>\n<h4>4. Access to personal data<\/h4>\n<p>Under the terms of applicable legislation, the personal data subject may request access to, or the updating, correction, suspension and erasure of any data referring to the subject, or oppose their processing, and may also exercise their right of portability, in person or by letter or email addressed to:<\/p>\n<p>Teixeira Duarte \u2013 Gest\u00e3o de Participa\u00e7\u00f5es e Investimentos Imobili\u00e1rios, S.A.<br \/>\nMorada: Lagoas Park, Edif\u00edcio 2, 2740-265 Porto Salvo, Oeiras, Portugal<br \/>\nEmail:\u00a0<a href=\"mailto:info@tdimobiliaria.pt\">info@tdimobiliaria.pt<\/a><\/p>\n<p>If the data subject believes that the processing of the personal data referring to him\/her violates the GDPR, he\/she may file a complaint with the National Control Authority.<\/p>\n<h4>5. Privacy compliance\/conformity<\/h4>\n<p>This privacy policy regulates the collection and subsequent processing of personal data collected from their subject, as well as the exercising of his\/her rights under the terms of the General Data Protection Regulation (GDPR). Data protection legislation is subject to review, so we recommend that users consult our privacy statement regularly.<\/p>\n<h4>6. Hyperlinks<\/h4>\n<p>The \u201cwebsite\u201d of Teixeira Duarte \u2013 Gest\u00e3o de Participa\u00e7\u00f5es e Investimentos Imobili\u00e1rios, S.A. may contain links to external websites for your convenience and information. By accessing these links you will leave the website of Teixeira Duarte \u2013 Gest\u00e3o de Participa\u00e7\u00f5es e Investimentos Imobili\u00e1rios, S.A. Teixeira Duarte \u2013 Gest\u00e3o de Participa\u00e7\u00f5es e Investimentos Imobili\u00e1rios, S.A. controls neither these websites nor their privacy policies, which may be different to those of Teixeira Duarte \u2013 Gest\u00e3o de Participa\u00e7\u00f5es e Investimentos Imobili\u00e1rios, S.A. Teixeira Duarte \u2013 Gest\u00e3o de Participa\u00e7\u00f5es e Investimentos Imobili\u00e1rios, S.A. neither approves nor represents these websites. The Privacy Statement of Teixeira Duarte \u2013 Gest\u00e3o de Participa\u00e7\u00f5es e Investimentos Imobili\u00e1rios, S.A. does not cover personal data that may be granted by the user to websites outside Teixeira Duarte \u2013 Gest\u00e3o de Participa\u00e7\u00f5es e Investimentos Imobili\u00e1rios, S.A.<\/p>\n<p>We recommend that you review the privacy policies of any company prior to submitting your personal information. Some external companies may choose to share your personal information with Teixeira Duarte \u2013 Gest\u00e3o de Participa\u00e7\u00f5es e Investimentos Imobili\u00e1rios, S.A., and this sharing will be governed by the privacy policy of that company.<\/p>\n<h4>7. Ownership and access<\/h4>\n<p>All content on this website (text, images, trademarks and logos) is the intellectual property of the company Teixeira Duarte \u2013 Gest\u00e3o de Participa\u00e7\u00f5es e Investimentos Imobili\u00e1rios, S.A. The copying, reproduction, modification or publication of the content of this website, without written permission from Teixeira Duarte \u2013 Gest\u00e3o de Participa\u00e7\u00f5es e Investimentos Imobili\u00e1rios, S.A. is prohibited. Teixeira Duarte \u2013 Gest\u00e3o de Participa\u00e7\u00f5es e Investimentos Imobili\u00e1rios, S.A. allows free access, at no cost, to this website, in order to provide information about our company and the work we have done for our clients.<\/p>\n<h4>8. Security<\/h4>\n<p>Teixeira Duarte \u2013 Gest\u00e3o de Participa\u00e7\u00f5es e Investimentos Imobili\u00e1rios, S.A. uses technical and organizational security measures to protect against data manipulation, loss and destruction, as well as unauthorised access to data granted by you and administered by Teixeira Duarte \u2013 Gest\u00e3o de Participa\u00e7\u00f5es e Investimentos Imobili\u00e1rios, S.A. The security measures that are adopted are constantly optimized according to the latest technological advances.<\/p>\n<h4>9. Law and jurisdiction<\/h4>\n<p>This website has been created and operates according to Portuguese law. Use of this website is subject to acceptance of these rules and any other terms and conditions that may be adopted.<\/p>\n<p>Any dispute involving Teixeira Duarte \u2013 Gest\u00e3o de Participa\u00e7\u00f5es e Investimentos Imobili\u00e1rios, S.A., under the scope of this website, will be governed by current legislation, and Portuguese courts shall have sole jurisdiction.<\/p>\n<h4>10. Amendments<\/h4>\n<p>Teixeira Duarte \u2013 Gest\u00e3o de Participa\u00e7\u00f5es e Investimentos Imobili\u00e1rios, S.A. reserves the right to occasionally update its privacy policy. We will publicize the date of its most recent update whenever we do so.<\/p>\n<p>Teixeira Duarte \u2013 Gest\u00e3o de Participa\u00e7\u00f5es e Investimentos Imobili\u00e1rios, S.A. also reserves the right to suspend access to this website without prior notice.<\/p>\n\t\t\t\t\t\t\t\t<\/div>\n\t\t\t\t\t<\/div>\n\t\t<\/div>\n\t\t\t\t\t<\/div>\n\t\t<\/section>\n\t\t\t\t<\/div>\n\t\t","protected":false},"excerpt":{"rendered":"<p>Privacy Policy The website www.tdimobiliaria.pt is owned by Teixeira Duarte \u2013 Gest\u00e3o de Participa\u00e7\u00f5es e Investimentos Imobili\u00e1rios, S.A.Teixeira Duarte \u2013 Gest\u00e3o de Participa\u00e7\u00f5es e Investimentos Imobili\u00e1rios, S.A. respects your privacy and undertakes to protect it. To this end, we draw your attention to this Privacy Notice, which provides information about our Privacy Policy, practices and [&hellip;]<\/p>\n","protected":false},"author":1,"featured_media":0,"parent":0,"menu_order":99,"comment_status":"closed","ping_status":"closed","template":"elementor_header_footer","meta":{"footnotes":""},"class_list":["post-16745","page","type-page","status-publish","hentry"],"_links":{"self":[{"href":"https:\/\/www.tdimobiliaria.pt\/en\/wp-json\/wp\/v2\/pages\/16745","targetHints":{"allow":["GET"]}}],"collection":[{"href":"https:\/\/www.tdimobiliaria.pt\/en\/wp-json\/wp\/v2\/pages"}],"about":[{"href":"https:\/\/www.tdimobiliaria.pt\/en\/wp-json\/wp\/v2\/types\/page"}],"author":[{"embeddable":true,"href":"https:\/\/www.tdimobiliaria.pt\/en\/wp-json\/wp\/v2\/users\/1"}],"replies":[{"embeddable":true,"href":"https:\/\/www.tdimobiliaria.pt\/en\/wp-json\/wp\/v2\/comments?post=16745"}],"version-history":[{"count":1,"href":"https:\/\/www.tdimobiliaria.pt\/en\/wp-json\/wp\/v2\/pages\/16745\/revisions"}],"predecessor-version":[{"id":16746,"href":"https:\/\/www.tdimobiliaria.pt\/en\/wp-json\/wp\/v2\/pages\/16745\/revisions\/16746"}],"wp:attachment":[{"href":"https:\/\/www.tdimobiliaria.pt\/en\/wp-json\/wp\/v2\/media?parent=16745"}],"curies":[{"name":"wp","href":"https:\/\/api.w.org\/{rel}","templated":true}]}}